{"id":131,"date":"2018-01-13T15:06:41","date_gmt":"2018-01-13T14:06:41","guid":{"rendered":"http:\/\/www.petra-maria-burger.com\/wpn\/?page_id=131"},"modified":"2020-01-24T11:36:53","modified_gmt":"2020-01-24T10:36:53","slug":"die-liebe-feiern-freie-trauung","status":"publish","type":"page","link":"https:\/\/www.petra-maria-burger.com\/wpn\/die-liebe-feiern-freie-trauung\/","title":{"rendered":""},"content":{"rendered":"\n<h1 class=\"wp-block-heading\">Freie Hochzeiten<\/h1>\n\n\n\n<ul class=\"wp-block-gallery columns-3 is-cropped wp-block-gallery-1 is-layout-flex wp-block-gallery-is-layout-flex\"><li class=\"blocks-gallery-item\"><figure><img loading=\"lazy\" decoding=\"async\" width=\"300\" height=\"300\" src=\"https:\/\/www.petra-maria-burger.com\/wpn\/wp-content\/uploads\/2011\/04\/JAklein.jpg\" alt=\"\" data-id=\"1510\" data-link=\"https:\/\/www.petra-maria-burger.com\/wpn\/die-liebe-feiern-freie-trauung\/jaklein\/\" class=\"wp-image-1510\" srcset=\"https:\/\/www.petra-maria-burger.com\/wpn\/wp-content\/uploads\/2011\/04\/JAklein.jpg 300w, https:\/\/www.petra-maria-burger.com\/wpn\/wp-content\/uploads\/2011\/04\/JAklein-150x150.jpg 150w\" sizes=\"auto, (max-width: 300px) 100vw, 300px\" \/><\/figure><\/li><li class=\"blocks-gallery-item\"><figure><img loading=\"lazy\" decoding=\"async\" width=\"400\" height=\"267\" src=\"https:\/\/www.petra-maria-burger.com\/wpn\/wp-content\/uploads\/2011\/04\/ringkissenklein.jpg\" alt=\"\" data-id=\"1494\" data-link=\"https:\/\/www.petra-maria-burger.com\/wpn\/die-liebe-feiern-freie-trauung\/ringkissenklein\/\" class=\"wp-image-1494\" srcset=\"https:\/\/www.petra-maria-burger.com\/wpn\/wp-content\/uploads\/2011\/04\/ringkissenklein.jpg 400w, https:\/\/www.petra-maria-burger.com\/wpn\/wp-content\/uploads\/2011\/04\/ringkissenklein-300x200.jpg 300w, https:\/\/www.petra-maria-burger.com\/wpn\/wp-content\/uploads\/2011\/04\/ringkissenklein-224x150.jpg 224w, https:\/\/www.petra-maria-burger.com\/wpn\/wp-content\/uploads\/2011\/04\/ringkissenklein-150x100.jpg 150w\" sizes=\"auto, (max-width: 400px) 100vw, 400px\" \/><\/figure><\/li><li class=\"blocks-gallery-item\"><figure><img loading=\"lazy\" decoding=\"async\" width=\"1024\" height=\"682\" src=\"https:\/\/www.petra-maria-burger.com\/wpn\/wp-content\/uploads\/2020\/01\/DSC2526-1024x682.jpg\" alt=\"\" data-id=\"1924\" data-link=\"https:\/\/www.petra-maria-burger.com\/wpn\/_dsc2526\/\" class=\"wp-image-1924\" srcset=\"https:\/\/www.petra-maria-burger.com\/wpn\/wp-content\/uploads\/2020\/01\/DSC2526-1024x682.jpg 1024w, https:\/\/www.petra-maria-burger.com\/wpn\/wp-content\/uploads\/2020\/01\/DSC2526-300x200.jpg 300w, https:\/\/www.petra-maria-burger.com\/wpn\/wp-content\/uploads\/2020\/01\/DSC2526-768x512.jpg 768w, https:\/\/www.petra-maria-burger.com\/wpn\/wp-content\/uploads\/2020\/01\/DSC2526-150x100.jpg 150w, https:\/\/www.petra-maria-burger.com\/wpn\/wp-content\/uploads\/2020\/01\/DSC2526.jpg 1772w\" sizes=\"auto, (max-width: 1024px) 100vw, 1024px\" \/><\/figure><\/li><\/ul>\n\n\n<h2>Freie Trauung &#8211; Das Leben verbinden. Die Liebe feiern.<\/h2>\n<p>Sie wollen auf einzigartige Weise JA sagen?<\/p>\n<p>Weil Sie die Liebe Ihres Lebens gefunden haben und ein Fest feiern wollen?<\/p>\n<p>Ich freue mich mit Ihnen!<\/p>\n<p>Sie w\u00fcnschen sich eine individuelle Hochzeitszeremonie?<\/p>\n<p>Es bewegt mich zutiefst, wenn ich mit Ihnen Ihre ganz eigene Feier vorbereiten und diese f\u00fcr Sie leiten darf.<\/p>\n<p>Die Einzigartigkeit Ihrer Liebe wird zum Mittelpunkt in Ihrer freien Trauung.<\/p>\n<p>Sie finden mich jetzt auch auf facebook unter <a href=\"https:\/\/de-de.facebook.com\/pages\/Freie-Trauung-Petra-Maria-Burger\/359422944139299\"> Freie Trauung &#8211; Petra Maria Burger<\/a>.<\/p>\n<p>Ich freue mich auf Ihren Besuch!<\/p>\n\n\n<ul class=\"wp-block-gallery columns-3 is-cropped wp-block-gallery-2 is-layout-flex wp-block-gallery-is-layout-flex\"><li class=\"blocks-gallery-item\"><figure><img loading=\"lazy\" decoding=\"async\" width=\"1024\" height=\"683\" src=\"https:\/\/www.petra-maria-burger.com\/wpn\/wp-content\/uploads\/2020\/01\/DSC6996-1024x683.jpg\" alt=\"\" data-id=\"1911\" data-link=\"https:\/\/www.petra-maria-burger.com\/wpn\/_dsc6996\/\" class=\"wp-image-1911\" srcset=\"https:\/\/www.petra-maria-burger.com\/wpn\/wp-content\/uploads\/2020\/01\/DSC6996-1024x683.jpg 1024w, https:\/\/www.petra-maria-burger.com\/wpn\/wp-content\/uploads\/2020\/01\/DSC6996-300x200.jpg 300w, https:\/\/www.petra-maria-burger.com\/wpn\/wp-content\/uploads\/2020\/01\/DSC6996-768x512.jpg 768w, https:\/\/www.petra-maria-burger.com\/wpn\/wp-content\/uploads\/2020\/01\/DSC6996-150x100.jpg 150w, https:\/\/www.petra-maria-burger.com\/wpn\/wp-content\/uploads\/2020\/01\/DSC6996.jpg 1536w\" sizes=\"auto, (max-width: 1024px) 100vw, 1024px\" \/><\/figure><\/li><li class=\"blocks-gallery-item\"><figure><img loading=\"lazy\" decoding=\"async\" width=\"1024\" height=\"768\" src=\"https:\/\/www.petra-maria-burger.com\/wpn\/wp-content\/uploads\/2020\/01\/DSC6739-1024x768.jpg\" alt=\"\" data-id=\"1912\" data-link=\"https:\/\/www.petra-maria-burger.com\/wpn\/_dsc6739\/\" class=\"wp-image-1912\" srcset=\"https:\/\/www.petra-maria-burger.com\/wpn\/wp-content\/uploads\/2020\/01\/DSC6739-1024x768.jpg 1024w, https:\/\/www.petra-maria-burger.com\/wpn\/wp-content\/uploads\/2020\/01\/DSC6739-300x225.jpg 300w, https:\/\/www.petra-maria-burger.com\/wpn\/wp-content\/uploads\/2020\/01\/DSC6739-768x576.jpg 768w, https:\/\/www.petra-maria-burger.com\/wpn\/wp-content\/uploads\/2020\/01\/DSC6739-150x113.jpg 150w, https:\/\/www.petra-maria-burger.com\/wpn\/wp-content\/uploads\/2020\/01\/DSC6739.jpg 2048w\" sizes=\"auto, (max-width: 1024px) 100vw, 1024px\" \/><\/figure><\/li><li class=\"blocks-gallery-item\"><figure><img loading=\"lazy\" decoding=\"async\" width=\"778\" height=\"305\" src=\"https:\/\/www.petra-maria-burger.com\/wpn\/wp-content\/uploads\/2020\/01\/h\u00e4nde_band.jpg\" alt=\"\" data-id=\"1913\" data-link=\"https:\/\/www.petra-maria-burger.com\/wpn\/haende_band\/\" class=\"wp-image-1913\" srcset=\"https:\/\/www.petra-maria-burger.com\/wpn\/wp-content\/uploads\/2020\/01\/h\u00e4nde_band.jpg 778w, https:\/\/www.petra-maria-burger.com\/wpn\/wp-content\/uploads\/2020\/01\/h\u00e4nde_band-300x118.jpg 300w, https:\/\/www.petra-maria-burger.com\/wpn\/wp-content\/uploads\/2020\/01\/h\u00e4nde_band-768x301.jpg 768w, https:\/\/www.petra-maria-burger.com\/wpn\/wp-content\/uploads\/2020\/01\/h\u00e4nde_band-150x59.jpg 150w\" sizes=\"auto, (max-width: 778px) 100vw, 778px\" \/><\/figure><\/li><\/ul>\n\n\n\n<h4 class=\"wp-block-heading\">H\u00e4ufig werde ich folgendes gefragt:<\/h4>\n\n\n\n<h4 class=\"wp-block-heading\">Wie sieht eine Freie Trauung aus?<\/h4>\n\n\n\n<p>Erst treffen wir uns zum Kennenlernen, damit Sie sicher sind, dass ich die richtige Frau f\u00fcr Ihre Feier bin. Ich zeige Ihnen Fotos und erz\u00e4hle von meinen Erfahrungen.<\/p>\n\n\n\n<p>In einem Vorbereitungsgespr\u00e4ch erschaffen wir gemeinsam Ihre Freie Hochzeitsfeier. Gemeinsam w\u00e4hlen wir Texte, Gedichte, Musik und Symbolhandlungen aus, die zu Ihnen passen. So entsteht die Zeremonie, die Sie und die Geschichte Ihrer Beziehung, die Ihre Liebe in den Mittelpunkt stellt.<\/p>\n\n\n\n<p>Ich verfasse f\u00fcr Sie pers\u00f6nliche Texte und die Ansprache, die Ihre einzigartige Geschichte erz\u00e4hlt und Ihre Liebe und das Gl\u00fcck dieses Tages f\u00fcr Sie selbst und f\u00fcr Ihre G\u00e4ste in Worte fasst und zum Ausdruck bringt.<\/p>\n\n\n\n<p>F\u00fcr die Gestaltung greife ich auch auf bew\u00e4hrte Hochzeitsrituale zur\u00fcck und entwickle mit Ihnen und f\u00fcr Sie auch neue Elemente.<\/p>\n\n\n\n<p>Im Mittelpunkt der Zeremonie steht das Verbindungsritual, das meist in Form des Eheversprechens und Ringtausches stattfindet.<\/p>\n\n\n\n<p>Auch in einer Freien Hochzeit kann das Wort und die Bitte um den Segen Gottes Raum haben, wenn es wichtig f\u00fcr Sie ist.<\/p>\n\n\n\n<p>Sie k\u00f6nnen aber auch eine eigene Form w\u00e4hlen. Ich unterbreite Ihnen Vorschl\u00e4ge und bin offen f\u00fcr Ihre W\u00fcnsche und Vorstellungen.<\/p>\n\n\n\n<h4 class=\"wp-block-heading\">Ist eine Freie Hochzeit &#8222;g\u00fcltig&#8220;?<\/h4>\n\n\n\n<p>Eine Freie Hochzeit ersetzt die standesamtliche Trauung nicht. Sie ist weder staatlich noch kirchenrechtlich anerkannt.<br>Die Freie Trauung ist ein Ritual f\u00fcr Menschen, die vor ihren Familien und im Freundeskreis JA zueinander sagen wollen.<\/p>\n\n\n\n<p>Viele Paare schlie\u00dfen eine Freie Hochzeit an eine standesamtliche Trauung an &#8211; entweder am gleichen Tag oder nach einigen Tagen.<br>Es ist in manchen Orten auch m\u00f6glich, dass die standesamtliche Trauung in Ihre pers\u00f6nliche Freie Zeremonie integriert wird.<\/p>\n\n\n\n<h4 class=\"wp-block-heading\">Gestalten Sie auch Freie Hochzeiten f\u00fcr gleichgeschlechtliche Paare?<\/h4>\n\n\n\n<p>Selbstverst\u00e4ndlich und sehr gerne!<\/p>\n\n\n\n<h4 class=\"wp-block-heading\">K\u00f6nnen wir unsere Trauzeugen, Freunde, Kinder oder Eltern in die Zeremonie einbinden?<\/h4>\n\n\n\n<p>Ja, es gibt verschiedene M\u00f6glichkeiten, G\u00e4ste in Ihre Zeremonie einzubinden: Texte lesen, das Ringkissen halten, gute W\u00fcnsche sprechen, musizieren, Lichter entz\u00fcnden, Ritualhandlungen vollziehen &#8230; Wir besprechen das in den Vorgespr\u00e4chen miteinander.<\/p>\n\n\n\n<h4 class=\"wp-block-heading\">Wie weit reisen Sie f\u00fcr eine Freie Trauung?<\/h4>\n\n\n\n<p>Wenn es mir zeitlich m\u00f6glich ist, fahre oder fliege ich f\u00fcr die Trauung, wohin Sie wollen &#8211; wenn Sie die Kosten f\u00fcr Anreise und eventuell f\u00fcr die \u00dcbernachtung \u00fcbernehmen.<\/p>\n\n\n\n<p>Der Schwerpunkt meiner Arbeit liegt in Ober\u00f6sterreich.<\/p>\n\n\n\n<p>Wir lernen uns in einem Caf\u00e9 unverbindlich kennen, zur Vorbereitung m\u00fcssen Sie zu mir nach Gramastetten kommen.<\/p>\n\n\n\n<h4 class=\"wp-block-heading\">Wie kommen Sie zu dieser Feierform?<\/h4>\n\n\n\n<p>Ich bin selbst sehr beseelt durch die Rituale, die die Liebe bereichern.<\/p>\n\n\n\n<p>Seit langem ist es mir ein Herzensanliegen, Menschen mit Ritualen und Ansprachen zu begleiten, vor allem dann, wenn ein neuer Lebensabschnitt beginnt.<\/p>\n\n\n\n<p>Eine Freie Trauung verstehe ich als wunderbare Zeremonie, die den \u00dcbergang ins Eheleben markiert \u2013 pers\u00f6nlich gestaltet, erf\u00fcllend, offen, warmherzig, einzigartig und auch spirituell.<\/p>\n\n\n\n<h3 class=\"wp-block-heading\">Hochzeitsjubil\u00e4um<\/h3>\n\n\n\n<p>Mit gro\u00dfer Freude gestalte ich mit Ihnen ein Hochzeitsjubil\u00e4um &#8211;<\/p>\n\n\n\n<p>zum ersten Jahrestag oder zur Rosenhochzeit oder&nbsp;zur Petersilienhochzeit oder, oder, oder?<\/p>\n\n\n\n<p>Es gibt viele M\u00f6glichkeiten, dem JA (neuen) Ausdruck zu schenken!<\/p>\n","protected":false},"excerpt":{"rendered":"<p>Freie Hochzeiten Freie Trauung &#8211; Das Leben verbinden. Die Liebe feiern. Sie wollen auf einzigartige Weise JA sagen? Weil Sie die Liebe Ihres Lebens gefunden haben und ein Fest feiern\u2026<\/p>\n<p> <a class=\"continue-reading-link\" href=\"https:\/\/www.petra-maria-burger.com\/wpn\/die-liebe-feiern-freie-trauung\/\"><span>Weiterlesen<\/span><i class=\"crycon-right-dir\"><\/i><\/a> <\/p>\n","protected":false},"author":1,"featured_media":0,"parent":0,"menu_order":2,"comment_status":"closed","ping_status":"open","template":"templates\/template-onecolumn.php","meta":{"footnotes":""},"class_list":["post-131","page","type-page","status-publish","hentry"],"yoast_head":"<!-- This site is optimized with the Yoast SEO plugin v26.6 - https:\/\/yoast.com\/wordpress\/plugins\/seo\/ -->\n<title>- LebensWENDEN Petra Maria Burger<\/title>\n<meta name=\"robots\" content=\"index, follow, max-snippet:-1, max-image-preview:large, max-video-preview:-1\" \/>\n<link rel=\"canonical\" href=\"https:\/\/www.petra-maria-burger.com\/wpn\/die-liebe-feiern-freie-trauung\/\" \/>\n<meta property=\"og:locale\" content=\"de_DE\" \/>\n<meta property=\"og:type\" content=\"article\" \/>\n<meta property=\"og:title\" content=\"- LebensWENDEN Petra Maria Burger\" \/>\n<meta property=\"og:description\" content=\"Freie Hochzeiten Freie Trauung &#8211; Das Leben verbinden. Die Liebe feiern. Sie wollen auf einzigartige Weise JA sagen? Weil Sie die Liebe Ihres Lebens gefunden haben und ein Fest feiern\u2026 Weiterlesen\" \/>\n<meta property=\"og:url\" content=\"https:\/\/www.petra-maria-burger.com\/wpn\/die-liebe-feiern-freie-trauung\/\" \/>\n<meta property=\"og:site_name\" content=\"LebensWENDEN Petra Maria Burger\" \/>\n<meta property=\"article:publisher\" content=\"https:\/\/www.facebook.com\/Freie-Trauung-Petra-Maria-Burger-359422944139299\/\" \/>\n<meta property=\"article:modified_time\" content=\"2020-01-24T10:36:53+00:00\" \/>\n<meta property=\"og:image\" content=\"https:\/\/www.petra-maria-burger.com\/wpn\/wp-content\/uploads\/2011\/04\/JAklein.jpg\" \/>\n<meta name=\"twitter:card\" content=\"summary_large_image\" \/>\n<meta name=\"twitter:label1\" content=\"Gesch\u00e4tzte Lesezeit\" \/>\n\t<meta name=\"twitter:data1\" content=\"3\u00a0Minuten\" \/>\n<script type=\"application\/ld+json\" class=\"yoast-schema-graph\">{\"@context\":\"https:\/\/schema.org\",\"@graph\":[{\"@type\":\"WebPage\",\"@id\":\"https:\/\/www.petra-maria-burger.com\/wpn\/die-liebe-feiern-freie-trauung\/\",\"url\":\"https:\/\/www.petra-maria-burger.com\/wpn\/die-liebe-feiern-freie-trauung\/\",\"name\":\"- LebensWENDEN Petra Maria Burger\",\"isPartOf\":{\"@id\":\"https:\/\/www.petra-maria-burger.com\/wpn\/#website\"},\"primaryImageOfPage\":{\"@id\":\"https:\/\/www.petra-maria-burger.com\/wpn\/die-liebe-feiern-freie-trauung\/#primaryimage\"},\"image\":{\"@id\":\"https:\/\/www.petra-maria-burger.com\/wpn\/die-liebe-feiern-freie-trauung\/#primaryimage\"},\"thumbnailUrl\":\"https:\/\/www.petra-maria-burger.com\/wpn\/wp-content\/uploads\/2011\/04\/JAklein.jpg\",\"datePublished\":\"2018-01-13T14:06:41+00:00\",\"dateModified\":\"2020-01-24T10:36:53+00:00\",\"inLanguage\":\"de\",\"potentialAction\":[{\"@type\":\"ReadAction\",\"target\":[\"https:\/\/www.petra-maria-burger.com\/wpn\/die-liebe-feiern-freie-trauung\/\"]}]},{\"@type\":\"ImageObject\",\"inLanguage\":\"de\",\"@id\":\"https:\/\/www.petra-maria-burger.com\/wpn\/die-liebe-feiern-freie-trauung\/#primaryimage\",\"url\":\"https:\/\/www.petra-maria-burger.com\/wpn\/wp-content\/uploads\/2011\/04\/JAklein.jpg\",\"contentUrl\":\"https:\/\/www.petra-maria-burger.com\/wpn\/wp-content\/uploads\/2011\/04\/JAklein.jpg\",\"width\":300,\"height\":300},{\"@type\":\"WebSite\",\"@id\":\"https:\/\/www.petra-maria-burger.com\/wpn\/#website\",\"url\":\"https:\/\/www.petra-maria-burger.com\/wpn\/\",\"name\":\"LebensWENDEN Petra Maria Burger\",\"description\":\"Begleitung bei \u00dcberg\u00e4ngen und Lebenswenden, Zeremonien, Trauerreden\",\"publisher\":{\"@id\":\"https:\/\/www.petra-maria-burger.com\/wpn\/#organization\"},\"potentialAction\":[{\"@type\":\"SearchAction\",\"target\":{\"@type\":\"EntryPoint\",\"urlTemplate\":\"https:\/\/www.petra-maria-burger.com\/wpn\/?s={search_term_string}\"},\"query-input\":{\"@type\":\"PropertyValueSpecification\",\"valueRequired\":true,\"valueName\":\"search_term_string\"}}],\"inLanguage\":\"de\"},{\"@type\":\"Organization\",\"@id\":\"https:\/\/www.petra-maria-burger.com\/wpn\/#organization\",\"name\":\"Petra Maria Burger\",\"url\":\"https:\/\/www.petra-maria-burger.com\/wpn\/\",\"logo\":{\"@type\":\"ImageObject\",\"inLanguage\":\"de\",\"@id\":\"https:\/\/www.petra-maria-burger.com\/wpn\/#\/schema\/logo\/image\/\",\"url\":\"https:\/\/www.petra-maria-burger.com\/wpn\/wp-content\/uploads\/2011\/02\/blume.jpg\",\"contentUrl\":\"https:\/\/www.petra-maria-burger.com\/wpn\/wp-content\/uploads\/2011\/02\/blume.jpg\",\"width\":\"400\",\"height\":\"265\",\"caption\":\"Petra Maria Burger\"},\"image\":{\"@id\":\"https:\/\/www.petra-maria-burger.com\/wpn\/#\/schema\/logo\/image\/\"},\"sameAs\":[\"https:\/\/www.facebook.com\/Freie-Trauung-Petra-Maria-Burger-359422944139299\/\"]}]}<\/script>\n<!-- \/ Yoast SEO plugin. -->","yoast_head_json":{"title":"- LebensWENDEN Petra Maria Burger","robots":{"index":"index","follow":"follow","max-snippet":"max-snippet:-1","max-image-preview":"max-image-preview:large","max-video-preview":"max-video-preview:-1"},"canonical":"https:\/\/www.petra-maria-burger.com\/wpn\/die-liebe-feiern-freie-trauung\/","og_locale":"de_DE","og_type":"article","og_title":"- LebensWENDEN Petra Maria Burger","og_description":"Freie Hochzeiten Freie Trauung &#8211; Das Leben verbinden. Die Liebe feiern. Sie wollen auf einzigartige Weise JA sagen? Weil Sie die Liebe Ihres Lebens gefunden haben und ein Fest feiern\u2026 Weiterlesen","og_url":"https:\/\/www.petra-maria-burger.com\/wpn\/die-liebe-feiern-freie-trauung\/","og_site_name":"LebensWENDEN Petra Maria Burger","article_publisher":"https:\/\/www.facebook.com\/Freie-Trauung-Petra-Maria-Burger-359422944139299\/","article_modified_time":"2020-01-24T10:36:53+00:00","og_image":[{"url":"https:\/\/www.petra-maria-burger.com\/wpn\/wp-content\/uploads\/2011\/04\/JAklein.jpg","type":"","width":"","height":""}],"twitter_card":"summary_large_image","twitter_misc":{"Gesch\u00e4tzte Lesezeit":"3\u00a0Minuten"},"schema":{"@context":"https:\/\/schema.org","@graph":[{"@type":"WebPage","@id":"https:\/\/www.petra-maria-burger.com\/wpn\/die-liebe-feiern-freie-trauung\/","url":"https:\/\/www.petra-maria-burger.com\/wpn\/die-liebe-feiern-freie-trauung\/","name":"- LebensWENDEN Petra Maria Burger","isPartOf":{"@id":"https:\/\/www.petra-maria-burger.com\/wpn\/#website"},"primaryImageOfPage":{"@id":"https:\/\/www.petra-maria-burger.com\/wpn\/die-liebe-feiern-freie-trauung\/#primaryimage"},"image":{"@id":"https:\/\/www.petra-maria-burger.com\/wpn\/die-liebe-feiern-freie-trauung\/#primaryimage"},"thumbnailUrl":"https:\/\/www.petra-maria-burger.com\/wpn\/wp-content\/uploads\/2011\/04\/JAklein.jpg","datePublished":"2018-01-13T14:06:41+00:00","dateModified":"2020-01-24T10:36:53+00:00","inLanguage":"de","potentialAction":[{"@type":"ReadAction","target":["https:\/\/www.petra-maria-burger.com\/wpn\/die-liebe-feiern-freie-trauung\/"]}]},{"@type":"ImageObject","inLanguage":"de","@id":"https:\/\/www.petra-maria-burger.com\/wpn\/die-liebe-feiern-freie-trauung\/#primaryimage","url":"https:\/\/www.petra-maria-burger.com\/wpn\/wp-content\/uploads\/2011\/04\/JAklein.jpg","contentUrl":"https:\/\/www.petra-maria-burger.com\/wpn\/wp-content\/uploads\/2011\/04\/JAklein.jpg","width":300,"height":300},{"@type":"WebSite","@id":"https:\/\/www.petra-maria-burger.com\/wpn\/#website","url":"https:\/\/www.petra-maria-burger.com\/wpn\/","name":"LebensWENDEN Petra Maria Burger","description":"Begleitung bei \u00dcberg\u00e4ngen und Lebenswenden, Zeremonien, Trauerreden","publisher":{"@id":"https:\/\/www.petra-maria-burger.com\/wpn\/#organization"},"potentialAction":[{"@type":"SearchAction","target":{"@type":"EntryPoint","urlTemplate":"https:\/\/www.petra-maria-burger.com\/wpn\/?s={search_term_string}"},"query-input":{"@type":"PropertyValueSpecification","valueRequired":true,"valueName":"search_term_string"}}],"inLanguage":"de"},{"@type":"Organization","@id":"https:\/\/www.petra-maria-burger.com\/wpn\/#organization","name":"Petra Maria Burger","url":"https:\/\/www.petra-maria-burger.com\/wpn\/","logo":{"@type":"ImageObject","inLanguage":"de","@id":"https:\/\/www.petra-maria-burger.com\/wpn\/#\/schema\/logo\/image\/","url":"https:\/\/www.petra-maria-burger.com\/wpn\/wp-content\/uploads\/2011\/02\/blume.jpg","contentUrl":"https:\/\/www.petra-maria-burger.com\/wpn\/wp-content\/uploads\/2011\/02\/blume.jpg","width":"400","height":"265","caption":"Petra Maria Burger"},"image":{"@id":"https:\/\/www.petra-maria-burger.com\/wpn\/#\/schema\/logo\/image\/"},"sameAs":["https:\/\/www.facebook.com\/Freie-Trauung-Petra-Maria-Burger-359422944139299\/"]}]}},"_links":{"self":[{"href":"https:\/\/www.petra-maria-burger.com\/wpn\/wp-json\/wp\/v2\/pages\/131","targetHints":{"allow":["GET"]}}],"collection":[{"href":"https:\/\/www.petra-maria-burger.com\/wpn\/wp-json\/wp\/v2\/pages"}],"about":[{"href":"https:\/\/www.petra-maria-burger.com\/wpn\/wp-json\/wp\/v2\/types\/page"}],"author":[{"embeddable":true,"href":"https:\/\/www.petra-maria-burger.com\/wpn\/wp-json\/wp\/v2\/users\/1"}],"replies":[{"embeddable":true,"href":"https:\/\/www.petra-maria-burger.com\/wpn\/wp-json\/wp\/v2\/comments?post=131"}],"version-history":[{"count":110,"href":"https:\/\/www.petra-maria-burger.com\/wpn\/wp-json\/wp\/v2\/pages\/131\/revisions"}],"predecessor-version":[{"id":1931,"href":"https:\/\/www.petra-maria-burger.com\/wpn\/wp-json\/wp\/v2\/pages\/131\/revisions\/1931"}],"wp:attachment":[{"href":"https:\/\/www.petra-maria-burger.com\/wpn\/wp-json\/wp\/v2\/media?parent=131"}],"curies":[{"name":"wp","href":"https:\/\/api.w.org\/{rel}","templated":true}]}}