{"id":15,"date":"2010-12-07T20:58:30","date_gmt":"2010-12-07T19:58:30","guid":{"rendered":"http:\/\/www.petra-maria-burger.com\/wpn\/?page_id=15"},"modified":"2023-10-15T13:51:08","modified_gmt":"2023-10-15T11:51:08","slug":"trauerrednerin","status":"publish","type":"page","link":"https:\/\/www.petra-maria-burger.com\/wpn\/trauerrednerin\/","title":{"rendered":"Trauerrednerin f\u00fcr Abschieds- und Trauerfeiern"},"content":{"rendered":"<h3>Dem Tod mit W\u00fcrde begegnen. Erinnerungen lebendig halten.<\/h3>\n<p>Ein Ihnen nahe stehender Mensch ist verstorben.<a href=\"http:\/\/www.petra-maria-burger.com\/wpn\/wp-content\/uploads\/2010\/12\/grabkerze.jpg\"><img loading=\"lazy\" decoding=\"async\" class=\"alignright wp-image-1496 size-full\" src=\"http:\/\/www.petra-maria-burger.com\/wpn\/wp-content\/uploads\/2010\/12\/grabkerze.jpg\" alt=\"trauerrednerin grabkerze\" width=\"225\" height=\"298\" srcset=\"https:\/\/www.petra-maria-burger.com\/wpn\/wp-content\/uploads\/2010\/12\/grabkerze.jpg 225w, https:\/\/www.petra-maria-burger.com\/wpn\/wp-content\/uploads\/2010\/12\/grabkerze-113x150.jpg 113w\" sizes=\"auto, (max-width: 225px) 100vw, 225px\" \/><\/a><\/p>\n<p>Das tut mir Leid! Meine Anteilnahme sei Ihnen zugesagt.<\/p>\n<p>Sie f\u00fchlen sich leer und verlassen, Sie finden keine Worte, um Ihre Gef\u00fchle und Empfindungen auszudr\u00fccken. Was Sie sich w\u00fcnschen, ist eine w\u00fcrdige Abschiedsfeier f\u00fcr den geliebten und gesch\u00e4tzten Menschen, der jetzt nicht mehr in Ihrer Mitte ist.<\/p>\n<p>Wir setzen uns zusammen, Sie erz\u00e4hlen mir von Ihrem lieben Verstorbenen und ich mache Ihnen Vorschl\u00e4ge f\u00fcr die Verabschiedung.<\/p>\n<p>Die Feier wird von mir als Trauerrednerin\u00a0geleitet und Sie k\u00f6nnen ruhig und w\u00fcrdevoll Abschied nehmen. So sind Sie auf den ersten Schritten Ihres Trauerweges begleitet und es kann Ihnen leichter fallen, loszulassen. Eine Trauerfeier verstehe ich nicht als Notl\u00f6sung, weil kein kirchliches Ritual gew\u00fcnscht oder m\u00f6glich ist, sondern als Alternative &#8211; pers\u00f6nlich gestaltet, w\u00fcrdevoll, warmherzig, einzigartig und auch spirituell.<\/p>\n<p><a href=\"https:\/\/www.petra-maria-burger.com\/wpn\/wp-content\/uploads\/2023\/10\/trauerbegleitung-scaled.jpg\">Artikel<\/a> in den O\u00d6Nachrichten vom Oktober 2023 zum Thema Abschiednehmen.<\/p>\n<h3>Als Trauerrednerin\u00a0werde ich oft folgendes gefragt:<\/h3>\n<h4>Welche Abschiedsfeiern leiten Sie?<\/h4>\n<p>Meistens sind die Verstorbenen, deren Abschiedsfeiern ich als Trauerrednerin leite, ohne Religionsbekenntnis.<\/p>\n<p>Gerne arbeite ich auch mit religi\u00f6sen Institutionen zusammen.<\/p>\n<p>Es ist auch m\u00f6glich, dass ich nur bei der Vorbereitung der Feier mitwirke oder nur die Trauerrede halte, z.B. bei einem Requiem.<\/p>\n<h4>Wie sieht die Vorbereitung auf die Abschieds-Feier aus?<\/h4>\n<p>Ich komme zu Ihnen nach Hause. Oder Sie kommen zu mir.<\/p>\n<p>Sie erz\u00e4hlen mir von der gemeinsamen Zeit, von Ihren Hoffnungen und vom Leben des Gegangenen. Ihre Erinnerungen sind wertvoll und einzigartig. Daraus gestalte ich die individuelle Abschiedsfeier. Ich verfasse Texte f\u00fcr Sie, die in der Feier vorgetragen werden. Wir finden gemeinsam M\u00f6glichkeiten, um der Sprachlosigkeit Ausdruck zu verleihen und die Trauerzeremonie pers\u00f6nlich zu gestalten. Dabei verwende ich oft auch ein Symbol, das mir passend erscheint. Im Mittelpunkt steht der Verstorbene, dessen Leben wir w\u00fcrdigen.<\/p>\n<h4>K\u00f6nnen Angeh\u00f6rige einen Beitrag bei der Feier \u00fcbernehmen?<\/h4>\n<p>Nat\u00fcrlich k\u00f6nnen verschiedene Aufgaben von Angeh\u00f6rigen \u00fcbernommen werden: beispielsweise das Lesen von Texten wie Geschichten, Gedichten oder Gebeten, das Bringen von Symbolen oder Erinnerungsst\u00fccken und das Musizieren.<\/p>\n<h4>K\u00f6nnen wir bei der Trauerfeier auch beten?<\/h4>\n<p>Wenn Sie das w\u00fcnschen, bete ich gerne mit Ihnen f\u00fcr Ihre Verstorbenen und f\u00fcr die Hinterbliebenen.<\/p>\n<h4>Muss der Verstorbene nach einer von Ihnen geleiteten Abschiedsfeier verbrannt werden?<\/h4>\n<p>Nein, es ist nat\u00fcrlich auch eine Erdbestattung m\u00f6glich.<\/p>\n<h4>Sind Sie dann auch f\u00fcr die Bestattung zust\u00e4ndig?<\/h4>\n<p>Nein, ich bin f\u00fcr die Zeremonie zust\u00e4ndig und arbeite mit dem Bestattungsinstitut Ihrer Wahl zusammen.<\/p>\n<h4>Wo findet eine Abschiedszeremonie mit Ihnen statt?<\/h4>\n<p>Wir feiern entweder im Feiersaal des Friedhofs oder am <a href=\"https:\/\/www.linzag.at\/portal\/de\/privatkunden\/trauer\/friedhoefe\/urnenhain_urfahr\">Urnenhain<\/a>, in der Aufbahrungshalle oder in einem \u00f6ffentlichen Raum, der daf\u00fcr angemietet wird.<\/p>\n<h4>Warum w\u00e4hlten Sie diesen Beruf?<\/h4>\n<p>Aus pers\u00f6nlichen Erfahrungen wei\u00df ich, wie wichtig es ist, sich in Ruhe und den eigenen Bed\u00fcrfnissen entsprechend vom geliebten Verstorbenen zu verabschieden.<\/p>\n<p>Ich durfte schon viele Menschen in dieser Zeit begleiten, in der man besonders offen und verletzlich ist. Viele Jahre war ich in der Trauer-Begleitung und in der Gestaltung von Abschiedsfeiern ehrenamtlich t\u00e4tig. Mit der Zeit reifte der Wunsch, diese Berufung zum Beruf zu machen. Mehr \u00fcber mich erfahren Sie <a href=\"http:\/\/www.petra-maria-burger.com\/wpn\/mein-werdegang\/\">hier<\/a>.<\/p>\n<h4>Wie kommen Sie zu dieser Feierform?<\/h4>\n<p>Aus \u00dcberzeugung! Ich selbst sch\u00e4tze das Individuelle und ich teile mein Wissen und meine Erfahrungen.<\/p>\n<p>Seit langem ist es mir ein Anliegen, Menschen in besonderen Lebenssituationen mit Ritualen, pers\u00f6nlichen Texten und Ansprachen zu begleiten, vor allem dann, wenn ein neuer Lebensabschnitt beginnt.<\/p>\n<p><a href=\"http:\/\/www.petra-maria-burger.com\/wpn\/wp-content\/uploads\/2010\/12\/begr\u00e4bnis.jpg\"><img loading=\"lazy\" decoding=\"async\" class=\"alignnone wp-image-1520 size-medium\" src=\"http:\/\/www.petra-maria-burger.com\/wpn\/wp-content\/uploads\/2010\/12\/begr\u00e4bnis-204x300.jpg\" alt=\"Trauerrednerin\" width=\"204\" height=\"300\" srcset=\"https:\/\/www.petra-maria-burger.com\/wpn\/wp-content\/uploads\/2010\/12\/begr\u00e4bnis-204x300.jpg 204w, https:\/\/www.petra-maria-burger.com\/wpn\/wp-content\/uploads\/2010\/12\/begr\u00e4bnis-102x150.jpg 102w, https:\/\/www.petra-maria-burger.com\/wpn\/wp-content\/uploads\/2010\/12\/begr\u00e4bnis.jpg 272w\" sizes=\"auto, (max-width: 204px) 100vw, 204px\" \/><\/a><\/p>\n<h3>Erinnerungs- und Gedenkfeiern<\/h3>\n<h4>Was sind Erinnerungs- und Gedenkfeiern?<\/h4>\n<p>Eine Erinnerungs- und Gedenkfeier w\u00fcrdigt Ihre Verbundenheit mit dem Menschen, den Sie zu Lebzeiten liebten, \u00fcber den Tod hinaus. So k\u00f6nnen Sie Ihren Angeh\u00f6rigen gedenken, ihnen Ehre erweisen und verleihen Ihrer Trauer Ausdruck und Worte.<\/p>\n<h4>Wann findet eine Erinnerungs- und Gedenkfeier statt?<\/h4>\n<p>F\u00fcr viele Menschen ist es not-wendig und heilsam, sich in einer gemeinsamen Feier zu erinnern, z.B. zum Todestag oder an Tagen, die f\u00fcr Sie mit einer besonderen Geschichte oder Erfahrung verbunden sind.<\/p>\n<h4>Wo findet eine Erinnerungs- und Gedenkfeier statt?<\/h4>\n<p>Ein Erinnerungsfeier kann an Pl\u00e4tzen, die f\u00fcr Sie oder den\/die Verstorbene\/n eine Bedeutung haben, stattfinden, aber auch \u00f6ffentliche Orte sind daf\u00fcr geeignet.<\/p>\n<h4>Wie gestalten Sie eine solche Feier?<\/h4>\n<p>Sie erz\u00e4hlen aus dem gemeinsamen Leben, wof\u00fcr Sie dankbar sind und was Ihnen wichtig ist. Ihr Schmerz und Ihre Trauer kommen zur Sprache. Mit Texten, Musik, Symbolen und Zeichenhandlungen gestalten wir eine Feier, die sich gegen das Vergessen richtet und die Erinnerung lebendig h\u00e4lt.<\/p>\n<p>Ich verfasse dazu f\u00fcr Sie Texte und leite diese Feier.<\/p>\n<p><a href=\"http:\/\/www.petra-maria-burger.com\/wpn\/wp-content\/uploads\/2010\/12\/kerzeweissklein.jpg\"><img loading=\"lazy\" decoding=\"async\" class=\"aligncenter wp-image-1503 size-medium\" src=\"http:\/\/www.petra-maria-burger.com\/wpn\/wp-content\/uploads\/2010\/12\/kerzeweissklein-225x300.jpg\" alt=\"kerzeweissklein\" width=\"225\" height=\"300\" srcset=\"https:\/\/www.petra-maria-burger.com\/wpn\/wp-content\/uploads\/2010\/12\/kerzeweissklein-225x300.jpg 225w, https:\/\/www.petra-maria-burger.com\/wpn\/wp-content\/uploads\/2010\/12\/kerzeweissklein-112x150.jpg 112w, https:\/\/www.petra-maria-burger.com\/wpn\/wp-content\/uploads\/2010\/12\/kerzeweissklein.jpg 250w\" sizes=\"auto, (max-width: 225px) 100vw, 225px\" \/><\/a><\/p>\n<h3>Kann ich auch schon W\u00fcnsche f\u00fcr meine eigene Abschiedsfeier \u00e4u\u00dfern?<\/h3>\n<p>Ja! Wir setzen uns zusammen und Sie erz\u00e4hlen mir, was Ihnen wichtig ist. Ich bereite Elemente mit Ihnen f\u00fcr Ihre Abschiedsfeier vor. Ihre Angeh\u00f6rigen bringen diese in die Vorbereitung f\u00fcr Ihre Verabschiedung oder Ihr Begr\u00e4bnis ein.<\/p>\n<p>Am besten ist es, wenn Sie Ihre W\u00fcnsche niederschreiben und bei Ihren Dokumenten aufheben.<\/p>\n","protected":false},"excerpt":{"rendered":"<p>Dem Tod mit W\u00fcrde begegnen. Erinnerungen lebendig halten. Ein Ihnen nahe stehender Mensch ist verstorben. Das tut mir Leid! Meine Anteilnahme sei Ihnen zugesagt. Sie f\u00fchlen sich leer und verlassen,\u2026<\/p>\n<p> <a class=\"continue-reading-link\" href=\"https:\/\/www.petra-maria-burger.com\/wpn\/trauerrednerin\/\"><span>Weiterlesen<\/span><i class=\"crycon-right-dir\"><\/i><\/a> <\/p>\n","protected":false},"author":1,"featured_media":0,"parent":0,"menu_order":0,"comment_status":"closed","ping_status":"closed","template":"templates\/template-onecolumn.php","meta":{"footnotes":""},"class_list":["post-15","page","type-page","status-publish","hentry"],"yoast_head":"<!-- This site is optimized with the Yoast SEO plugin v26.6 - https:\/\/yoast.com\/wordpress\/plugins\/seo\/ -->\n<title>Trauerrednerin f\u00fcr Abschieds- und Trauerfeiern - LebensWENDEN Petra Maria Burger<\/title>\n<meta name=\"robots\" content=\"index, follow, max-snippet:-1, max-image-preview:large, max-video-preview:-1\" \/>\n<link rel=\"canonical\" href=\"https:\/\/www.petra-maria-burger.com\/wpn\/trauerrednerin\/\" \/>\n<meta property=\"og:locale\" content=\"de_DE\" \/>\n<meta property=\"og:type\" content=\"article\" \/>\n<meta property=\"og:title\" content=\"Trauerrednerin f\u00fcr Abschieds- und Trauerfeiern - LebensWENDEN Petra Maria Burger\" \/>\n<meta property=\"og:description\" content=\"Dem Tod mit W\u00fcrde begegnen. Erinnerungen lebendig halten. Ein Ihnen nahe stehender Mensch ist verstorben. Das tut mir Leid! Meine Anteilnahme sei Ihnen zugesagt. Sie f\u00fchlen sich leer und verlassen,\u2026 Weiterlesen\" \/>\n<meta property=\"og:url\" content=\"https:\/\/www.petra-maria-burger.com\/wpn\/trauerrednerin\/\" \/>\n<meta property=\"og:site_name\" content=\"LebensWENDEN Petra Maria Burger\" \/>\n<meta property=\"article:publisher\" content=\"https:\/\/www.facebook.com\/Freie-Trauung-Petra-Maria-Burger-359422944139299\/\" \/>\n<meta property=\"article:modified_time\" content=\"2023-10-15T11:51:08+00:00\" \/>\n<meta property=\"og:image\" content=\"http:\/\/www.petra-maria-burger.com\/wpn\/wp-content\/uploads\/2010\/12\/grabkerze.jpg\" \/>\n<meta name=\"twitter:card\" content=\"summary_large_image\" \/>\n<meta name=\"twitter:label1\" content=\"Gesch\u00e4tzte Lesezeit\" \/>\n\t<meta name=\"twitter:data1\" content=\"5\u00a0Minuten\" \/>\n<script type=\"application\/ld+json\" class=\"yoast-schema-graph\">{\"@context\":\"https:\/\/schema.org\",\"@graph\":[{\"@type\":\"WebPage\",\"@id\":\"https:\/\/www.petra-maria-burger.com\/wpn\/trauerrednerin\/\",\"url\":\"https:\/\/www.petra-maria-burger.com\/wpn\/trauerrednerin\/\",\"name\":\"Trauerrednerin f\u00fcr Abschieds- und Trauerfeiern - LebensWENDEN Petra Maria Burger\",\"isPartOf\":{\"@id\":\"https:\/\/www.petra-maria-burger.com\/wpn\/#website\"},\"primaryImageOfPage\":{\"@id\":\"https:\/\/www.petra-maria-burger.com\/wpn\/trauerrednerin\/#primaryimage\"},\"image\":{\"@id\":\"https:\/\/www.petra-maria-burger.com\/wpn\/trauerrednerin\/#primaryimage\"},\"thumbnailUrl\":\"http:\/\/www.petra-maria-burger.com\/wpn\/wp-content\/uploads\/2010\/12\/grabkerze.jpg\",\"datePublished\":\"2010-12-07T19:58:30+00:00\",\"dateModified\":\"2023-10-15T11:51:08+00:00\",\"breadcrumb\":{\"@id\":\"https:\/\/www.petra-maria-burger.com\/wpn\/trauerrednerin\/#breadcrumb\"},\"inLanguage\":\"de\",\"potentialAction\":[{\"@type\":\"ReadAction\",\"target\":[\"https:\/\/www.petra-maria-burger.com\/wpn\/trauerrednerin\/\"]}]},{\"@type\":\"ImageObject\",\"inLanguage\":\"de\",\"@id\":\"https:\/\/www.petra-maria-burger.com\/wpn\/trauerrednerin\/#primaryimage\",\"url\":\"http:\/\/www.petra-maria-burger.com\/wpn\/wp-content\/uploads\/2010\/12\/grabkerze.jpg\",\"contentUrl\":\"http:\/\/www.petra-maria-burger.com\/wpn\/wp-content\/uploads\/2010\/12\/grabkerze.jpg\"},{\"@type\":\"BreadcrumbList\",\"@id\":\"https:\/\/www.petra-maria-burger.com\/wpn\/trauerrednerin\/#breadcrumb\",\"itemListElement\":[{\"@type\":\"ListItem\",\"position\":1,\"name\":\"Startseite\",\"item\":\"https:\/\/www.petra-maria-burger.com\/wpn\/\"},{\"@type\":\"ListItem\",\"position\":2,\"name\":\"Trauerrednerin f\u00fcr Abschieds- und Trauerfeiern\"}]},{\"@type\":\"WebSite\",\"@id\":\"https:\/\/www.petra-maria-burger.com\/wpn\/#website\",\"url\":\"https:\/\/www.petra-maria-burger.com\/wpn\/\",\"name\":\"LebensWENDEN Petra Maria Burger\",\"description\":\"Begleitung bei \u00dcberg\u00e4ngen und Lebenswenden, Zeremonien, Trauerreden\",\"publisher\":{\"@id\":\"https:\/\/www.petra-maria-burger.com\/wpn\/#organization\"},\"potentialAction\":[{\"@type\":\"SearchAction\",\"target\":{\"@type\":\"EntryPoint\",\"urlTemplate\":\"https:\/\/www.petra-maria-burger.com\/wpn\/?s={search_term_string}\"},\"query-input\":{\"@type\":\"PropertyValueSpecification\",\"valueRequired\":true,\"valueName\":\"search_term_string\"}}],\"inLanguage\":\"de\"},{\"@type\":\"Organization\",\"@id\":\"https:\/\/www.petra-maria-burger.com\/wpn\/#organization\",\"name\":\"Petra Maria Burger\",\"url\":\"https:\/\/www.petra-maria-burger.com\/wpn\/\",\"logo\":{\"@type\":\"ImageObject\",\"inLanguage\":\"de\",\"@id\":\"https:\/\/www.petra-maria-burger.com\/wpn\/#\/schema\/logo\/image\/\",\"url\":\"https:\/\/www.petra-maria-burger.com\/wpn\/wp-content\/uploads\/2011\/02\/blume.jpg\",\"contentUrl\":\"https:\/\/www.petra-maria-burger.com\/wpn\/wp-content\/uploads\/2011\/02\/blume.jpg\",\"width\":\"400\",\"height\":\"265\",\"caption\":\"Petra Maria Burger\"},\"image\":{\"@id\":\"https:\/\/www.petra-maria-burger.com\/wpn\/#\/schema\/logo\/image\/\"},\"sameAs\":[\"https:\/\/www.facebook.com\/Freie-Trauung-Petra-Maria-Burger-359422944139299\/\"]}]}<\/script>\n<!-- \/ Yoast SEO plugin. -->","yoast_head_json":{"title":"Trauerrednerin f\u00fcr Abschieds- und Trauerfeiern - LebensWENDEN Petra Maria Burger","robots":{"index":"index","follow":"follow","max-snippet":"max-snippet:-1","max-image-preview":"max-image-preview:large","max-video-preview":"max-video-preview:-1"},"canonical":"https:\/\/www.petra-maria-burger.com\/wpn\/trauerrednerin\/","og_locale":"de_DE","og_type":"article","og_title":"Trauerrednerin f\u00fcr Abschieds- und Trauerfeiern - LebensWENDEN Petra Maria Burger","og_description":"Dem Tod mit W\u00fcrde begegnen. Erinnerungen lebendig halten. Ein Ihnen nahe stehender Mensch ist verstorben. Das tut mir Leid! Meine Anteilnahme sei Ihnen zugesagt. Sie f\u00fchlen sich leer und verlassen,\u2026 Weiterlesen","og_url":"https:\/\/www.petra-maria-burger.com\/wpn\/trauerrednerin\/","og_site_name":"LebensWENDEN Petra Maria Burger","article_publisher":"https:\/\/www.facebook.com\/Freie-Trauung-Petra-Maria-Burger-359422944139299\/","article_modified_time":"2023-10-15T11:51:08+00:00","og_image":[{"url":"http:\/\/www.petra-maria-burger.com\/wpn\/wp-content\/uploads\/2010\/12\/grabkerze.jpg","type":"","width":"","height":""}],"twitter_card":"summary_large_image","twitter_misc":{"Gesch\u00e4tzte Lesezeit":"5\u00a0Minuten"},"schema":{"@context":"https:\/\/schema.org","@graph":[{"@type":"WebPage","@id":"https:\/\/www.petra-maria-burger.com\/wpn\/trauerrednerin\/","url":"https:\/\/www.petra-maria-burger.com\/wpn\/trauerrednerin\/","name":"Trauerrednerin f\u00fcr Abschieds- und Trauerfeiern - LebensWENDEN Petra Maria Burger","isPartOf":{"@id":"https:\/\/www.petra-maria-burger.com\/wpn\/#website"},"primaryImageOfPage":{"@id":"https:\/\/www.petra-maria-burger.com\/wpn\/trauerrednerin\/#primaryimage"},"image":{"@id":"https:\/\/www.petra-maria-burger.com\/wpn\/trauerrednerin\/#primaryimage"},"thumbnailUrl":"http:\/\/www.petra-maria-burger.com\/wpn\/wp-content\/uploads\/2010\/12\/grabkerze.jpg","datePublished":"2010-12-07T19:58:30+00:00","dateModified":"2023-10-15T11:51:08+00:00","breadcrumb":{"@id":"https:\/\/www.petra-maria-burger.com\/wpn\/trauerrednerin\/#breadcrumb"},"inLanguage":"de","potentialAction":[{"@type":"ReadAction","target":["https:\/\/www.petra-maria-burger.com\/wpn\/trauerrednerin\/"]}]},{"@type":"ImageObject","inLanguage":"de","@id":"https:\/\/www.petra-maria-burger.com\/wpn\/trauerrednerin\/#primaryimage","url":"http:\/\/www.petra-maria-burger.com\/wpn\/wp-content\/uploads\/2010\/12\/grabkerze.jpg","contentUrl":"http:\/\/www.petra-maria-burger.com\/wpn\/wp-content\/uploads\/2010\/12\/grabkerze.jpg"},{"@type":"BreadcrumbList","@id":"https:\/\/www.petra-maria-burger.com\/wpn\/trauerrednerin\/#breadcrumb","itemListElement":[{"@type":"ListItem","position":1,"name":"Startseite","item":"https:\/\/www.petra-maria-burger.com\/wpn\/"},{"@type":"ListItem","position":2,"name":"Trauerrednerin f\u00fcr Abschieds- und Trauerfeiern"}]},{"@type":"WebSite","@id":"https:\/\/www.petra-maria-burger.com\/wpn\/#website","url":"https:\/\/www.petra-maria-burger.com\/wpn\/","name":"LebensWENDEN Petra Maria Burger","description":"Begleitung bei \u00dcberg\u00e4ngen und Lebenswenden, Zeremonien, Trauerreden","publisher":{"@id":"https:\/\/www.petra-maria-burger.com\/wpn\/#organization"},"potentialAction":[{"@type":"SearchAction","target":{"@type":"EntryPoint","urlTemplate":"https:\/\/www.petra-maria-burger.com\/wpn\/?s={search_term_string}"},"query-input":{"@type":"PropertyValueSpecification","valueRequired":true,"valueName":"search_term_string"}}],"inLanguage":"de"},{"@type":"Organization","@id":"https:\/\/www.petra-maria-burger.com\/wpn\/#organization","name":"Petra Maria Burger","url":"https:\/\/www.petra-maria-burger.com\/wpn\/","logo":{"@type":"ImageObject","inLanguage":"de","@id":"https:\/\/www.petra-maria-burger.com\/wpn\/#\/schema\/logo\/image\/","url":"https:\/\/www.petra-maria-burger.com\/wpn\/wp-content\/uploads\/2011\/02\/blume.jpg","contentUrl":"https:\/\/www.petra-maria-burger.com\/wpn\/wp-content\/uploads\/2011\/02\/blume.jpg","width":"400","height":"265","caption":"Petra Maria Burger"},"image":{"@id":"https:\/\/www.petra-maria-burger.com\/wpn\/#\/schema\/logo\/image\/"},"sameAs":["https:\/\/www.facebook.com\/Freie-Trauung-Petra-Maria-Burger-359422944139299\/"]}]}},"_links":{"self":[{"href":"https:\/\/www.petra-maria-burger.com\/wpn\/wp-json\/wp\/v2\/pages\/15","targetHints":{"allow":["GET"]}}],"collection":[{"href":"https:\/\/www.petra-maria-burger.com\/wpn\/wp-json\/wp\/v2\/pages"}],"about":[{"href":"https:\/\/www.petra-maria-burger.com\/wpn\/wp-json\/wp\/v2\/types\/page"}],"author":[{"embeddable":true,"href":"https:\/\/www.petra-maria-burger.com\/wpn\/wp-json\/wp\/v2\/users\/1"}],"replies":[{"embeddable":true,"href":"https:\/\/www.petra-maria-burger.com\/wpn\/wp-json\/wp\/v2\/comments?post=15"}],"version-history":[{"count":127,"href":"https:\/\/www.petra-maria-burger.com\/wpn\/wp-json\/wp\/v2\/pages\/15\/revisions"}],"predecessor-version":[{"id":2140,"href":"https:\/\/www.petra-maria-burger.com\/wpn\/wp-json\/wp\/v2\/pages\/15\/revisions\/2140"}],"wp:attachment":[{"href":"https:\/\/www.petra-maria-burger.com\/wpn\/wp-json\/wp\/v2\/media?parent=15"}],"curies":[{"name":"wp","href":"https:\/\/api.w.org\/{rel}","templated":true}]}}