{"id":181,"date":"2011-04-14T15:17:14","date_gmt":"2011-04-14T15:17:14","guid":{"rendered":"http:\/\/www.petra-maria-burger.com\/wpn\/?page_id=181"},"modified":"2019-07-29T18:16:35","modified_gmt":"2019-07-29T16:16:35","slug":"weitere-rituale","status":"publish","type":"page","link":"https:\/\/www.petra-maria-burger.com\/wpn\/weitere-rituale\/","title":{"rendered":"Besondere Rituale"},"content":{"rendered":"<h3>Leben w\u00fcrdigen. Wendezeiten begehen. \u00dcberg\u00e4nge feiern.<\/h3>\n<p>Wir machen immer wieder die Erfahrung, dass das Leben an Wende-Punkten durch Rituale eine Tiefe entwickelt, die uns ver\u00e4ndert, ermutigt, best\u00e4rkt und wachsen l\u00e4sst.<\/p>\n<p><a href=\"http:\/\/www.petra-maria-burger.com\/wpn\/wp-content\/uploads\/2011\/04\/feuerkorb.jpg\"><img loading=\"lazy\" decoding=\"async\" class=\"alignleft wp-image-242 size-full\" src=\"http:\/\/www.petra-maria-burger.com\/wpn\/wp-content\/uploads\/2011\/04\/feuerkorb.jpg\" alt=\"feuerkorb\" width=\"225\" height=\"300\" \/><\/a><br \/>\nLebens\u00fcberg\u00e4nge sind bewegte Zeiten, sind mit Spannungen und Herausforderungen verbunden, bergen Krisen, die als Chance zu neuen Entwicklungsm\u00f6glichkeiten f\u00fchren.<\/p>\n<p>Solche Knotenpunkte k\u00f6nnen beispielsweise die Geburt eines Kindes, runde Geburtstage, Umzug in ein neues Zuhause, Auszug der Kinder aus dem Elternhaus, Trennungen, Vers\u00f6hnung, Berufswechsel, Pensionsantritt, Ende der Fruchtbarkeit oder eine Krankheit sein.<\/p>\n<p>Besonders heilsam wird ein Ritual bei unerf\u00fclltem Kinderwunsch oder wenn eine Schwangerschaft mit einem Abortus oder einer Totgeburt endet, empfunden. Das ist oft auch noch Jahre nach dem Ereignis f\u00fcr die Betroffenen wertvoll.<\/p>\n<h3>Willkommensfeiern<\/h3>\n<p><a href=\"http:\/\/www.petra-maria-burger.com\/wpn\/wp-content\/uploads\/2011\/04\/Kinderf\u00fc\u00dfeklein.jpg\"><img loading=\"lazy\" decoding=\"async\" class=\"alignleft wp-image-1515 size-full\" src=\"http:\/\/www.petra-maria-burger.com\/wpn\/wp-content\/uploads\/2011\/04\/Kinderf\u00fc\u00dfeklein.jpg\" alt=\"Kinderf\u00fc\u00dfeklein\" width=\"300\" height=\"199\" srcset=\"https:\/\/www.petra-maria-burger.com\/wpn\/wp-content\/uploads\/2011\/04\/Kinderf\u00fc\u00dfeklein.jpg 300w, https:\/\/www.petra-maria-burger.com\/wpn\/wp-content\/uploads\/2011\/04\/Kinderf\u00fc\u00dfeklein-226x150.jpg 226w, https:\/\/www.petra-maria-burger.com\/wpn\/wp-content\/uploads\/2011\/04\/Kinderf\u00fc\u00dfeklein-150x99.jpg 150w\" sizes=\"auto, (max-width: 300px) 100vw, 300px\" \/><\/a>Das Leben begr\u00fc\u00dfen. In die Welt hinein wachsen. Ein Kind ist zur Welt gekommen.<\/p>\n<p>Ich freue mich mit Ihnen und w\u00fcnsche Ihnen alles Liebe und Gute!<\/p>\n<p>Dieses Ereignis ver\u00e4ndert Sie selbst und Ihren Blick auf die Welt. In einer Feier k\u00f6nnen Sie Ihrer Dankbarkeit und Ihrer Zukunftshoffnung Ausdruck verleihen. Vieles ist in dieser Zeremonie m\u00f6glich, die als Namens- und Willkommensfeier Ihren Schatz in den Mittelpunkt stellt.<\/p>\n<p>Wir bereiten gemeinsam das Fest vor, bei dem die Aufnahme in die Familie, die neue Elternschaft und die begleitende Patenschaft wesentlich sind. Im Vorgespr\u00e4ch finden wir Symbole, Ritualhandlungen, Texte und Musik, die Ihren W\u00fcnschen und Vorstellungen entsprechen.<br \/>\nFeiern wir den Beginn des neuen Lebens in einer einmaligen Zeremonie!<\/p>\n<h3>Haus- oder Hof\u00fcbergabe<\/h3>\n<p>Der Wechsel der Hausbesitzer bedeutet viel mehr als die notarielle Vertragsunterzeichnung und die \u00dcbergabe der Schl\u00fcssel.<\/p>\n<p>In einem Ritual mit \u00dcbergebern, \u00dcbernehmern, Geschwistern und eventuell auch Nachbarn wird dieser Wechsel deutlich erfahren. Der Prozess des Loslassens und Neuorientierens erf\u00e4hrt gewisserma\u00dfen eine St\u00e4rkung. Die neue Rollenverteilung kann verinnerlicht werden.<\/p>\n<p><a href=\"http:\/\/www.petra-maria-burger.com\/wpn\/wp-content\/uploads\/2011\/04\/vogelk\u00e4fig.jpg\"><img loading=\"lazy\" decoding=\"async\" class=\"alignnone size-full wp-image-1517\" src=\"http:\/\/www.petra-maria-burger.com\/wpn\/wp-content\/uploads\/2011\/04\/vogelk\u00e4fig.jpg\" alt=\"vogelk\u00e4fig\" width=\"229\" height=\"300\" srcset=\"https:\/\/www.petra-maria-burger.com\/wpn\/wp-content\/uploads\/2011\/04\/vogelk\u00e4fig.jpg 229w, https:\/\/www.petra-maria-burger.com\/wpn\/wp-content\/uploads\/2011\/04\/vogelk\u00e4fig-114x150.jpg 114w\" sizes=\"auto, (max-width: 229px) 100vw, 229px\" \/><\/a><\/p>\n","protected":false},"excerpt":{"rendered":"<p>Leben w\u00fcrdigen. Wendezeiten begehen. \u00dcberg\u00e4nge feiern. Wir machen immer wieder die Erfahrung, dass das Leben an Wende-Punkten durch Rituale eine Tiefe entwickelt, die uns ver\u00e4ndert, ermutigt, best\u00e4rkt und wachsen l\u00e4sst.\u2026<\/p>\n<p> <a class=\"continue-reading-link\" href=\"https:\/\/www.petra-maria-burger.com\/wpn\/weitere-rituale\/\"><span>Weiterlesen<\/span><i class=\"crycon-right-dir\"><\/i><\/a> <\/p>\n","protected":false},"author":1,"featured_media":0,"parent":0,"menu_order":1,"comment_status":"closed","ping_status":"open","template":"templates\/template-onecolumn.php","meta":{"footnotes":""},"class_list":["post-181","page","type-page","status-publish","hentry"],"yoast_head":"<!-- This site is optimized with the Yoast SEO plugin v26.6 - https:\/\/yoast.com\/wordpress\/plugins\/seo\/ -->\n<title>Besondere Rituale - LebensWENDEN Petra Maria Burger<\/title>\n<meta name=\"robots\" content=\"index, follow, max-snippet:-1, max-image-preview:large, max-video-preview:-1\" \/>\n<link rel=\"canonical\" href=\"https:\/\/www.petra-maria-burger.com\/wpn\/weitere-rituale\/\" \/>\n<meta property=\"og:locale\" content=\"de_DE\" \/>\n<meta property=\"og:type\" content=\"article\" \/>\n<meta property=\"og:title\" content=\"Besondere Rituale - LebensWENDEN Petra Maria Burger\" \/>\n<meta property=\"og:description\" content=\"Leben w\u00fcrdigen. Wendezeiten begehen. \u00dcberg\u00e4nge feiern. Wir machen immer wieder die Erfahrung, dass das Leben an Wende-Punkten durch Rituale eine Tiefe entwickelt, die uns ver\u00e4ndert, ermutigt, best\u00e4rkt und wachsen l\u00e4sst.\u2026 Weiterlesen\" \/>\n<meta property=\"og:url\" content=\"https:\/\/www.petra-maria-burger.com\/wpn\/weitere-rituale\/\" \/>\n<meta property=\"og:site_name\" content=\"LebensWENDEN Petra Maria Burger\" \/>\n<meta property=\"article:publisher\" content=\"https:\/\/www.facebook.com\/Freie-Trauung-Petra-Maria-Burger-359422944139299\/\" \/>\n<meta property=\"article:modified_time\" content=\"2019-07-29T16:16:35+00:00\" \/>\n<meta property=\"og:image\" content=\"http:\/\/www.petra-maria-burger.com\/wpn\/wp-content\/uploads\/2011\/04\/feuerkorb.jpg\" \/>\n<meta name=\"twitter:card\" content=\"summary_large_image\" \/>\n<meta name=\"twitter:label1\" content=\"Gesch\u00e4tzte Lesezeit\" \/>\n\t<meta name=\"twitter:data1\" content=\"2\u00a0Minuten\" \/>\n<script type=\"application\/ld+json\" class=\"yoast-schema-graph\">{\"@context\":\"https:\/\/schema.org\",\"@graph\":[{\"@type\":\"WebPage\",\"@id\":\"https:\/\/www.petra-maria-burger.com\/wpn\/weitere-rituale\/\",\"url\":\"https:\/\/www.petra-maria-burger.com\/wpn\/weitere-rituale\/\",\"name\":\"Besondere Rituale - LebensWENDEN Petra Maria Burger\",\"isPartOf\":{\"@id\":\"https:\/\/www.petra-maria-burger.com\/wpn\/#website\"},\"primaryImageOfPage\":{\"@id\":\"https:\/\/www.petra-maria-burger.com\/wpn\/weitere-rituale\/#primaryimage\"},\"image\":{\"@id\":\"https:\/\/www.petra-maria-burger.com\/wpn\/weitere-rituale\/#primaryimage\"},\"thumbnailUrl\":\"http:\/\/www.petra-maria-burger.com\/wpn\/wp-content\/uploads\/2011\/04\/feuerkorb.jpg\",\"datePublished\":\"2011-04-14T15:17:14+00:00\",\"dateModified\":\"2019-07-29T16:16:35+00:00\",\"breadcrumb\":{\"@id\":\"https:\/\/www.petra-maria-burger.com\/wpn\/weitere-rituale\/#breadcrumb\"},\"inLanguage\":\"de\",\"potentialAction\":[{\"@type\":\"ReadAction\",\"target\":[\"https:\/\/www.petra-maria-burger.com\/wpn\/weitere-rituale\/\"]}]},{\"@type\":\"ImageObject\",\"inLanguage\":\"de\",\"@id\":\"https:\/\/www.petra-maria-burger.com\/wpn\/weitere-rituale\/#primaryimage\",\"url\":\"http:\/\/www.petra-maria-burger.com\/wpn\/wp-content\/uploads\/2011\/04\/feuerkorb.jpg\",\"contentUrl\":\"http:\/\/www.petra-maria-burger.com\/wpn\/wp-content\/uploads\/2011\/04\/feuerkorb.jpg\"},{\"@type\":\"BreadcrumbList\",\"@id\":\"https:\/\/www.petra-maria-burger.com\/wpn\/weitere-rituale\/#breadcrumb\",\"itemListElement\":[{\"@type\":\"ListItem\",\"position\":1,\"name\":\"Startseite\",\"item\":\"https:\/\/www.petra-maria-burger.com\/wpn\/\"},{\"@type\":\"ListItem\",\"position\":2,\"name\":\"Besondere Rituale\"}]},{\"@type\":\"WebSite\",\"@id\":\"https:\/\/www.petra-maria-burger.com\/wpn\/#website\",\"url\":\"https:\/\/www.petra-maria-burger.com\/wpn\/\",\"name\":\"LebensWENDEN Petra Maria Burger\",\"description\":\"Begleitung bei \u00dcberg\u00e4ngen und Lebenswenden, Zeremonien, Trauerreden\",\"publisher\":{\"@id\":\"https:\/\/www.petra-maria-burger.com\/wpn\/#organization\"},\"potentialAction\":[{\"@type\":\"SearchAction\",\"target\":{\"@type\":\"EntryPoint\",\"urlTemplate\":\"https:\/\/www.petra-maria-burger.com\/wpn\/?s={search_term_string}\"},\"query-input\":{\"@type\":\"PropertyValueSpecification\",\"valueRequired\":true,\"valueName\":\"search_term_string\"}}],\"inLanguage\":\"de\"},{\"@type\":\"Organization\",\"@id\":\"https:\/\/www.petra-maria-burger.com\/wpn\/#organization\",\"name\":\"Petra Maria Burger\",\"url\":\"https:\/\/www.petra-maria-burger.com\/wpn\/\",\"logo\":{\"@type\":\"ImageObject\",\"inLanguage\":\"de\",\"@id\":\"https:\/\/www.petra-maria-burger.com\/wpn\/#\/schema\/logo\/image\/\",\"url\":\"https:\/\/www.petra-maria-burger.com\/wpn\/wp-content\/uploads\/2011\/02\/blume.jpg\",\"contentUrl\":\"https:\/\/www.petra-maria-burger.com\/wpn\/wp-content\/uploads\/2011\/02\/blume.jpg\",\"width\":\"400\",\"height\":\"265\",\"caption\":\"Petra Maria Burger\"},\"image\":{\"@id\":\"https:\/\/www.petra-maria-burger.com\/wpn\/#\/schema\/logo\/image\/\"},\"sameAs\":[\"https:\/\/www.facebook.com\/Freie-Trauung-Petra-Maria-Burger-359422944139299\/\"]}]}<\/script>\n<!-- \/ Yoast SEO plugin. -->","yoast_head_json":{"title":"Besondere Rituale - LebensWENDEN Petra Maria Burger","robots":{"index":"index","follow":"follow","max-snippet":"max-snippet:-1","max-image-preview":"max-image-preview:large","max-video-preview":"max-video-preview:-1"},"canonical":"https:\/\/www.petra-maria-burger.com\/wpn\/weitere-rituale\/","og_locale":"de_DE","og_type":"article","og_title":"Besondere Rituale - LebensWENDEN Petra Maria Burger","og_description":"Leben w\u00fcrdigen. Wendezeiten begehen. \u00dcberg\u00e4nge feiern. Wir machen immer wieder die Erfahrung, dass das Leben an Wende-Punkten durch Rituale eine Tiefe entwickelt, die uns ver\u00e4ndert, ermutigt, best\u00e4rkt und wachsen l\u00e4sst.\u2026 Weiterlesen","og_url":"https:\/\/www.petra-maria-burger.com\/wpn\/weitere-rituale\/","og_site_name":"LebensWENDEN Petra Maria Burger","article_publisher":"https:\/\/www.facebook.com\/Freie-Trauung-Petra-Maria-Burger-359422944139299\/","article_modified_time":"2019-07-29T16:16:35+00:00","og_image":[{"url":"http:\/\/www.petra-maria-burger.com\/wpn\/wp-content\/uploads\/2011\/04\/feuerkorb.jpg","type":"","width":"","height":""}],"twitter_card":"summary_large_image","twitter_misc":{"Gesch\u00e4tzte Lesezeit":"2\u00a0Minuten"},"schema":{"@context":"https:\/\/schema.org","@graph":[{"@type":"WebPage","@id":"https:\/\/www.petra-maria-burger.com\/wpn\/weitere-rituale\/","url":"https:\/\/www.petra-maria-burger.com\/wpn\/weitere-rituale\/","name":"Besondere Rituale - LebensWENDEN Petra Maria Burger","isPartOf":{"@id":"https:\/\/www.petra-maria-burger.com\/wpn\/#website"},"primaryImageOfPage":{"@id":"https:\/\/www.petra-maria-burger.com\/wpn\/weitere-rituale\/#primaryimage"},"image":{"@id":"https:\/\/www.petra-maria-burger.com\/wpn\/weitere-rituale\/#primaryimage"},"thumbnailUrl":"http:\/\/www.petra-maria-burger.com\/wpn\/wp-content\/uploads\/2011\/04\/feuerkorb.jpg","datePublished":"2011-04-14T15:17:14+00:00","dateModified":"2019-07-29T16:16:35+00:00","breadcrumb":{"@id":"https:\/\/www.petra-maria-burger.com\/wpn\/weitere-rituale\/#breadcrumb"},"inLanguage":"de","potentialAction":[{"@type":"ReadAction","target":["https:\/\/www.petra-maria-burger.com\/wpn\/weitere-rituale\/"]}]},{"@type":"ImageObject","inLanguage":"de","@id":"https:\/\/www.petra-maria-burger.com\/wpn\/weitere-rituale\/#primaryimage","url":"http:\/\/www.petra-maria-burger.com\/wpn\/wp-content\/uploads\/2011\/04\/feuerkorb.jpg","contentUrl":"http:\/\/www.petra-maria-burger.com\/wpn\/wp-content\/uploads\/2011\/04\/feuerkorb.jpg"},{"@type":"BreadcrumbList","@id":"https:\/\/www.petra-maria-burger.com\/wpn\/weitere-rituale\/#breadcrumb","itemListElement":[{"@type":"ListItem","position":1,"name":"Startseite","item":"https:\/\/www.petra-maria-burger.com\/wpn\/"},{"@type":"ListItem","position":2,"name":"Besondere Rituale"}]},{"@type":"WebSite","@id":"https:\/\/www.petra-maria-burger.com\/wpn\/#website","url":"https:\/\/www.petra-maria-burger.com\/wpn\/","name":"LebensWENDEN Petra Maria Burger","description":"Begleitung bei \u00dcberg\u00e4ngen und Lebenswenden, Zeremonien, Trauerreden","publisher":{"@id":"https:\/\/www.petra-maria-burger.com\/wpn\/#organization"},"potentialAction":[{"@type":"SearchAction","target":{"@type":"EntryPoint","urlTemplate":"https:\/\/www.petra-maria-burger.com\/wpn\/?s={search_term_string}"},"query-input":{"@type":"PropertyValueSpecification","valueRequired":true,"valueName":"search_term_string"}}],"inLanguage":"de"},{"@type":"Organization","@id":"https:\/\/www.petra-maria-burger.com\/wpn\/#organization","name":"Petra Maria Burger","url":"https:\/\/www.petra-maria-burger.com\/wpn\/","logo":{"@type":"ImageObject","inLanguage":"de","@id":"https:\/\/www.petra-maria-burger.com\/wpn\/#\/schema\/logo\/image\/","url":"https:\/\/www.petra-maria-burger.com\/wpn\/wp-content\/uploads\/2011\/02\/blume.jpg","contentUrl":"https:\/\/www.petra-maria-burger.com\/wpn\/wp-content\/uploads\/2011\/02\/blume.jpg","width":"400","height":"265","caption":"Petra Maria Burger"},"image":{"@id":"https:\/\/www.petra-maria-burger.com\/wpn\/#\/schema\/logo\/image\/"},"sameAs":["https:\/\/www.facebook.com\/Freie-Trauung-Petra-Maria-Burger-359422944139299\/"]}]}},"_links":{"self":[{"href":"https:\/\/www.petra-maria-burger.com\/wpn\/wp-json\/wp\/v2\/pages\/181","targetHints":{"allow":["GET"]}}],"collection":[{"href":"https:\/\/www.petra-maria-burger.com\/wpn\/wp-json\/wp\/v2\/pages"}],"about":[{"href":"https:\/\/www.petra-maria-burger.com\/wpn\/wp-json\/wp\/v2\/types\/page"}],"author":[{"embeddable":true,"href":"https:\/\/www.petra-maria-burger.com\/wpn\/wp-json\/wp\/v2\/users\/1"}],"replies":[{"embeddable":true,"href":"https:\/\/www.petra-maria-burger.com\/wpn\/wp-json\/wp\/v2\/comments?post=181"}],"version-history":[{"count":75,"href":"https:\/\/www.petra-maria-burger.com\/wpn\/wp-json\/wp\/v2\/pages\/181\/revisions"}],"predecessor-version":[{"id":1876,"href":"https:\/\/www.petra-maria-burger.com\/wpn\/wp-json\/wp\/v2\/pages\/181\/revisions\/1876"}],"wp:attachment":[{"href":"https:\/\/www.petra-maria-burger.com\/wpn\/wp-json\/wp\/v2\/media?parent=181"}],"curies":[{"name":"wp","href":"https:\/\/api.w.org\/{rel}","templated":true}]}}