{"id":9,"date":"2010-12-07T20:54:22","date_gmt":"2010-12-07T20:54:22","guid":{"rendered":"http:\/\/www.petra-maria-burger.com\/wpn\/?page_id=9"},"modified":"2021-01-09T10:29:16","modified_gmt":"2021-01-09T09:29:16","slug":"mein-werdegang","status":"publish","type":"page","link":"https:\/\/www.petra-maria-burger.com\/wpn\/mein-werdegang\/","title":{"rendered":"\u00dcber mich"},"content":{"rendered":"<div>Ich leite\u00a0freie Hochzeits-Zeremonien und bin Trauerrednerin.<\/div>\n<div>\n<div>Seit vielen Jahren werde ich dabei als Begleiterin gesch\u00e4tzt. Pers\u00f6nliche Zuwendung bei <a href=\"http:\/\/www.petra-maria-burger.com\/wpn\/die-liebe-feiern-freie-trauung\/\">Hochzeiten<\/a>, <a href=\"http:\/\/www.petra-maria-burger.com\/wpn\/trauerrednerin\/\">Trauerzeiten<\/a>, <a href=\"http:\/\/www.petra-maria-burger.com\/wpn\/weitere-rituale\/\">Willkommensfeiern f\u00fcr Kinder<\/a>, Festzeiten und das phantasievolle Gestalten von Feiern &#8211; daf\u00fcr bin ich bekannt.<\/div>\n<div>\u00a0<\/div>\n<div>Meine Schwerpunkte liegen im Bereich Hochzeits- und Trauerzeremonien \u2013 zum Anlass aktuell oder als Gedenkjubil\u00e4um. Ich empfinde es als \u00a0Berufung, Menschen in Lebensphasen, die von Ver\u00e4nderung gepr\u00e4gt sind, zu begleiten und mit ihnen eine Feier\u00a0\u00a0zu gestalten.<\/div>\n<\/div>\n<div>\n<div>\u00a0<\/div>\n<div>Es ist meine gro\u00dfe St\u00e4rke, Rituale, im besonderen feierliche Zeremonien, individuell und pers\u00f6nlich vorzubereiten und die Feier selbst zu leiten. Gro\u00dfen Anklang finden dabei meine Texte, die ich f\u00fcr die Menschen\u00a0zu ihrem Anlass\u00a0schreibe. In der <a href=\"http:\/\/www.petra-maria-burger.com\/wpn\/veranstaltungen\/\">Begleitung von Gruppen<\/a>, die sich auf Rituale einlassen, habe ich gro\u00dfe Erfahrung.<\/div>\n<div>\u00a0<\/div>\n<div>Meine Weltanschauung ist christlich gepr\u00e4gt.<\/div>\n<div>Ich f\u00fchle mich aber allen Menschen respektvoll verpflichtet &#8211; gleichg\u00fcltig, welche religi\u00f6se, politische, philosophische oder ideologische Weltanschauung sie haben.<\/div>\n<div style=\"text-align: left;\">\u00a0<\/div>\n<div>\n<div>\n<div>\n<div>\n<div>\n<div>\n<div>\n<div>\n<div>\n<div>\n<div>\n<div>Pers\u00f6nliche Betreuung<\/div>\n<div>\n<div>Individuelle Texte<\/div>\n<div>\n<div>Einzigartiges Gestalten<\/div>\n<div>\n<div>Kreative Zug\u00e4nge<\/div>\n<div>\n<div>Sinnliche Feiern<\/div>\n<div>\n<div>Symbolreiche Ansprachen<\/div>\n<\/div>\n<\/div>\n<\/div>\n<\/div>\n<\/div>\n<\/div>\n<div>\n<div>Liebevolle Zeremonien<\/div>\n<div>\n<div>Wertvolle Erinnerungen<\/div>\n<div>\n<div>\n<div>So wird meine Arbeit charakterisiert<\/div>\n<\/div>\n<\/div>\n<\/div>\n<\/div>\n<div>\u00a0<\/div>\n<div>Geboren bin ich 1971; ich bin verheiratet und begleite drei erwachsene Kinder auf ihren Lebenswegen.<\/div>\n<\/div>\n<\/div>\n<\/div>\n<\/div>\n<\/div>\n<\/div>\n<\/div>\n<\/div>\n<\/div>\n<\/div>\n<\/div>\n\n\n<div class=\"wp-block-image\"><figure class=\"alignleft is-resized\"><img loading=\"lazy\" decoding=\"async\" src=\"https:\/\/www.petra-maria-burger.com\/wpn\/wp-content\/uploads\/2019\/06\/DSC6746-683x1024.jpg\" alt=\"\" class=\"wp-image-1851\" width=\"171\" height=\"256\" srcset=\"https:\/\/www.petra-maria-burger.com\/wpn\/wp-content\/uploads\/2019\/06\/DSC6746-683x1024.jpg 683w, https:\/\/www.petra-maria-burger.com\/wpn\/wp-content\/uploads\/2019\/06\/DSC6746-200x300.jpg 200w, https:\/\/www.petra-maria-burger.com\/wpn\/wp-content\/uploads\/2019\/06\/DSC6746-768x1152.jpg 768w, https:\/\/www.petra-maria-burger.com\/wpn\/wp-content\/uploads\/2019\/06\/DSC6746-100x150.jpg 100w, https:\/\/www.petra-maria-burger.com\/wpn\/wp-content\/uploads\/2019\/06\/DSC6746.jpg 1365w\" sizes=\"auto, (max-width: 171px) 100vw, 171px\" \/><\/figure><\/div>\n\n\n\n<div class=\"wp-block-image\"><figure class=\"aligncenter size-large is-resized\"><a href=\"https:\/\/www.petra-maria-burger.com\/wpn\/wp-content\/uploads\/2021\/01\/Burger-P-M.jpg\"><img loading=\"lazy\" decoding=\"async\" src=\"https:\/\/www.petra-maria-burger.com\/wpn\/wp-content\/uploads\/2021\/01\/Burger-P-M-683x1024.jpg\" alt=\"\" class=\"wp-image-1977\" width=\"182\" height=\"269\"\/><\/a><\/figure><\/div>\n\n\n\n<p><\/p>\n\n\n\n<p> Aktuell im Blog von <a href=\"https:\/\/www.prontopro.at\" target\"_blank\"=\"\">ProntoPro<\/a>  gibt es ein Interview mit mir zum Thema  <a href=\"https:\/\/www.prontopro.at\/blog\/freie-trauungen-die-zeitgemaesse-variante\" target\"_blank\"=\"\">freie Trauung<\/a>   zu lesen. Danke f\u00fcr die Ver\u00f6ffentlichung!<\/p>\n","protected":false},"excerpt":{"rendered":"<p>Ich leite\u00a0freie Hochzeits-Zeremonien und bin Trauerrednerin. Seit vielen Jahren werde ich dabei als Begleiterin gesch\u00e4tzt. Pers\u00f6nliche Zuwendung bei Hochzeiten, Trauerzeiten, Willkommensfeiern f\u00fcr Kinder, Festzeiten und das phantasievolle Gestalten von Feiern\u2026<\/p>\n<p> <a class=\"continue-reading-link\" href=\"https:\/\/www.petra-maria-burger.com\/wpn\/mein-werdegang\/\"><span>Weiterlesen<\/span><i class=\"crycon-right-dir\"><\/i><\/a> <\/p>\n","protected":false},"author":1,"featured_media":0,"parent":0,"menu_order":6,"comment_status":"closed","ping_status":"open","template":"templates\/template-onecolumn.php","meta":{"footnotes":""},"class_list":["post-9","page","type-page","status-publish","hentry"],"yoast_head":"<!-- This site is optimized with the Yoast SEO plugin v26.6 - https:\/\/yoast.com\/wordpress\/plugins\/seo\/ -->\n<title>\u00dcber mich - LebensWENDEN Petra Maria Burger<\/title>\n<meta name=\"robots\" content=\"index, follow, max-snippet:-1, max-image-preview:large, max-video-preview:-1\" \/>\n<link rel=\"canonical\" href=\"https:\/\/www.petra-maria-burger.com\/wpn\/mein-werdegang\/\" \/>\n<meta property=\"og:locale\" content=\"de_DE\" \/>\n<meta property=\"og:type\" content=\"article\" \/>\n<meta property=\"og:title\" content=\"\u00dcber mich - LebensWENDEN Petra Maria Burger\" \/>\n<meta property=\"og:description\" content=\"Ich leite\u00a0freie Hochzeits-Zeremonien und bin Trauerrednerin. Seit vielen Jahren werde ich dabei als Begleiterin gesch\u00e4tzt. Pers\u00f6nliche Zuwendung bei Hochzeiten, Trauerzeiten, Willkommensfeiern f\u00fcr Kinder, Festzeiten und das phantasievolle Gestalten von Feiern\u2026 Weiterlesen\" \/>\n<meta property=\"og:url\" content=\"https:\/\/www.petra-maria-burger.com\/wpn\/mein-werdegang\/\" \/>\n<meta property=\"og:site_name\" content=\"LebensWENDEN Petra Maria Burger\" \/>\n<meta property=\"article:publisher\" content=\"https:\/\/www.facebook.com\/Freie-Trauung-Petra-Maria-Burger-359422944139299\/\" \/>\n<meta property=\"article:modified_time\" content=\"2021-01-09T09:29:16+00:00\" \/>\n<meta property=\"og:image\" content=\"https:\/\/www.petra-maria-burger.com\/wpn\/wp-content\/uploads\/2019\/06\/DSC6746-683x1024.jpg\" \/>\n<meta name=\"twitter:card\" content=\"summary_large_image\" \/>\n<meta name=\"twitter:label1\" content=\"Gesch\u00e4tzte Lesezeit\" \/>\n\t<meta name=\"twitter:data1\" content=\"1\u00a0Minute\" \/>\n<script type=\"application\/ld+json\" class=\"yoast-schema-graph\">{\"@context\":\"https:\/\/schema.org\",\"@graph\":[{\"@type\":\"WebPage\",\"@id\":\"https:\/\/www.petra-maria-burger.com\/wpn\/mein-werdegang\/\",\"url\":\"https:\/\/www.petra-maria-burger.com\/wpn\/mein-werdegang\/\",\"name\":\"\u00dcber mich - LebensWENDEN Petra Maria Burger\",\"isPartOf\":{\"@id\":\"https:\/\/www.petra-maria-burger.com\/wpn\/#website\"},\"primaryImageOfPage\":{\"@id\":\"https:\/\/www.petra-maria-burger.com\/wpn\/mein-werdegang\/#primaryimage\"},\"image\":{\"@id\":\"https:\/\/www.petra-maria-burger.com\/wpn\/mein-werdegang\/#primaryimage\"},\"thumbnailUrl\":\"https:\/\/www.petra-maria-burger.com\/wpn\/wp-content\/uploads\/2019\/06\/DSC6746-683x1024.jpg\",\"datePublished\":\"2010-12-07T20:54:22+00:00\",\"dateModified\":\"2021-01-09T09:29:16+00:00\",\"breadcrumb\":{\"@id\":\"https:\/\/www.petra-maria-burger.com\/wpn\/mein-werdegang\/#breadcrumb\"},\"inLanguage\":\"de\",\"potentialAction\":[{\"@type\":\"ReadAction\",\"target\":[\"https:\/\/www.petra-maria-burger.com\/wpn\/mein-werdegang\/\"]}]},{\"@type\":\"ImageObject\",\"inLanguage\":\"de\",\"@id\":\"https:\/\/www.petra-maria-burger.com\/wpn\/mein-werdegang\/#primaryimage\",\"url\":\"https:\/\/www.petra-maria-burger.com\/wpn\/wp-content\/uploads\/2019\/06\/DSC6746.jpg\",\"contentUrl\":\"https:\/\/www.petra-maria-burger.com\/wpn\/wp-content\/uploads\/2019\/06\/DSC6746.jpg\",\"width\":1365,\"height\":2048},{\"@type\":\"BreadcrumbList\",\"@id\":\"https:\/\/www.petra-maria-burger.com\/wpn\/mein-werdegang\/#breadcrumb\",\"itemListElement\":[{\"@type\":\"ListItem\",\"position\":1,\"name\":\"Startseite\",\"item\":\"https:\/\/www.petra-maria-burger.com\/wpn\/\"},{\"@type\":\"ListItem\",\"position\":2,\"name\":\"\u00dcber mich\"}]},{\"@type\":\"WebSite\",\"@id\":\"https:\/\/www.petra-maria-burger.com\/wpn\/#website\",\"url\":\"https:\/\/www.petra-maria-burger.com\/wpn\/\",\"name\":\"LebensWENDEN Petra Maria Burger\",\"description\":\"Begleitung bei \u00dcberg\u00e4ngen und Lebenswenden, Zeremonien, Trauerreden\",\"publisher\":{\"@id\":\"https:\/\/www.petra-maria-burger.com\/wpn\/#organization\"},\"potentialAction\":[{\"@type\":\"SearchAction\",\"target\":{\"@type\":\"EntryPoint\",\"urlTemplate\":\"https:\/\/www.petra-maria-burger.com\/wpn\/?s={search_term_string}\"},\"query-input\":{\"@type\":\"PropertyValueSpecification\",\"valueRequired\":true,\"valueName\":\"search_term_string\"}}],\"inLanguage\":\"de\"},{\"@type\":\"Organization\",\"@id\":\"https:\/\/www.petra-maria-burger.com\/wpn\/#organization\",\"name\":\"Petra Maria Burger\",\"url\":\"https:\/\/www.petra-maria-burger.com\/wpn\/\",\"logo\":{\"@type\":\"ImageObject\",\"inLanguage\":\"de\",\"@id\":\"https:\/\/www.petra-maria-burger.com\/wpn\/#\/schema\/logo\/image\/\",\"url\":\"https:\/\/www.petra-maria-burger.com\/wpn\/wp-content\/uploads\/2011\/02\/blume.jpg\",\"contentUrl\":\"https:\/\/www.petra-maria-burger.com\/wpn\/wp-content\/uploads\/2011\/02\/blume.jpg\",\"width\":\"400\",\"height\":\"265\",\"caption\":\"Petra Maria Burger\"},\"image\":{\"@id\":\"https:\/\/www.petra-maria-burger.com\/wpn\/#\/schema\/logo\/image\/\"},\"sameAs\":[\"https:\/\/www.facebook.com\/Freie-Trauung-Petra-Maria-Burger-359422944139299\/\"]}]}<\/script>\n<!-- \/ Yoast SEO plugin. -->","yoast_head_json":{"title":"\u00dcber mich - LebensWENDEN Petra Maria Burger","robots":{"index":"index","follow":"follow","max-snippet":"max-snippet:-1","max-image-preview":"max-image-preview:large","max-video-preview":"max-video-preview:-1"},"canonical":"https:\/\/www.petra-maria-burger.com\/wpn\/mein-werdegang\/","og_locale":"de_DE","og_type":"article","og_title":"\u00dcber mich - LebensWENDEN Petra Maria Burger","og_description":"Ich leite\u00a0freie Hochzeits-Zeremonien und bin Trauerrednerin. Seit vielen Jahren werde ich dabei als Begleiterin gesch\u00e4tzt. Pers\u00f6nliche Zuwendung bei Hochzeiten, Trauerzeiten, Willkommensfeiern f\u00fcr Kinder, Festzeiten und das phantasievolle Gestalten von Feiern\u2026 Weiterlesen","og_url":"https:\/\/www.petra-maria-burger.com\/wpn\/mein-werdegang\/","og_site_name":"LebensWENDEN Petra Maria Burger","article_publisher":"https:\/\/www.facebook.com\/Freie-Trauung-Petra-Maria-Burger-359422944139299\/","article_modified_time":"2021-01-09T09:29:16+00:00","og_image":[{"url":"https:\/\/www.petra-maria-burger.com\/wpn\/wp-content\/uploads\/2019\/06\/DSC6746-683x1024.jpg","type":"","width":"","height":""}],"twitter_card":"summary_large_image","twitter_misc":{"Gesch\u00e4tzte Lesezeit":"1\u00a0Minute"},"schema":{"@context":"https:\/\/schema.org","@graph":[{"@type":"WebPage","@id":"https:\/\/www.petra-maria-burger.com\/wpn\/mein-werdegang\/","url":"https:\/\/www.petra-maria-burger.com\/wpn\/mein-werdegang\/","name":"\u00dcber mich - LebensWENDEN Petra Maria Burger","isPartOf":{"@id":"https:\/\/www.petra-maria-burger.com\/wpn\/#website"},"primaryImageOfPage":{"@id":"https:\/\/www.petra-maria-burger.com\/wpn\/mein-werdegang\/#primaryimage"},"image":{"@id":"https:\/\/www.petra-maria-burger.com\/wpn\/mein-werdegang\/#primaryimage"},"thumbnailUrl":"https:\/\/www.petra-maria-burger.com\/wpn\/wp-content\/uploads\/2019\/06\/DSC6746-683x1024.jpg","datePublished":"2010-12-07T20:54:22+00:00","dateModified":"2021-01-09T09:29:16+00:00","breadcrumb":{"@id":"https:\/\/www.petra-maria-burger.com\/wpn\/mein-werdegang\/#breadcrumb"},"inLanguage":"de","potentialAction":[{"@type":"ReadAction","target":["https:\/\/www.petra-maria-burger.com\/wpn\/mein-werdegang\/"]}]},{"@type":"ImageObject","inLanguage":"de","@id":"https:\/\/www.petra-maria-burger.com\/wpn\/mein-werdegang\/#primaryimage","url":"https:\/\/www.petra-maria-burger.com\/wpn\/wp-content\/uploads\/2019\/06\/DSC6746.jpg","contentUrl":"https:\/\/www.petra-maria-burger.com\/wpn\/wp-content\/uploads\/2019\/06\/DSC6746.jpg","width":1365,"height":2048},{"@type":"BreadcrumbList","@id":"https:\/\/www.petra-maria-burger.com\/wpn\/mein-werdegang\/#breadcrumb","itemListElement":[{"@type":"ListItem","position":1,"name":"Startseite","item":"https:\/\/www.petra-maria-burger.com\/wpn\/"},{"@type":"ListItem","position":2,"name":"\u00dcber mich"}]},{"@type":"WebSite","@id":"https:\/\/www.petra-maria-burger.com\/wpn\/#website","url":"https:\/\/www.petra-maria-burger.com\/wpn\/","name":"LebensWENDEN Petra Maria Burger","description":"Begleitung bei \u00dcberg\u00e4ngen und Lebenswenden, Zeremonien, Trauerreden","publisher":{"@id":"https:\/\/www.petra-maria-burger.com\/wpn\/#organization"},"potentialAction":[{"@type":"SearchAction","target":{"@type":"EntryPoint","urlTemplate":"https:\/\/www.petra-maria-burger.com\/wpn\/?s={search_term_string}"},"query-input":{"@type":"PropertyValueSpecification","valueRequired":true,"valueName":"search_term_string"}}],"inLanguage":"de"},{"@type":"Organization","@id":"https:\/\/www.petra-maria-burger.com\/wpn\/#organization","name":"Petra Maria Burger","url":"https:\/\/www.petra-maria-burger.com\/wpn\/","logo":{"@type":"ImageObject","inLanguage":"de","@id":"https:\/\/www.petra-maria-burger.com\/wpn\/#\/schema\/logo\/image\/","url":"https:\/\/www.petra-maria-burger.com\/wpn\/wp-content\/uploads\/2011\/02\/blume.jpg","contentUrl":"https:\/\/www.petra-maria-burger.com\/wpn\/wp-content\/uploads\/2011\/02\/blume.jpg","width":"400","height":"265","caption":"Petra Maria Burger"},"image":{"@id":"https:\/\/www.petra-maria-burger.com\/wpn\/#\/schema\/logo\/image\/"},"sameAs":["https:\/\/www.facebook.com\/Freie-Trauung-Petra-Maria-Burger-359422944139299\/"]}]}},"_links":{"self":[{"href":"https:\/\/www.petra-maria-burger.com\/wpn\/wp-json\/wp\/v2\/pages\/9","targetHints":{"allow":["GET"]}}],"collection":[{"href":"https:\/\/www.petra-maria-burger.com\/wpn\/wp-json\/wp\/v2\/pages"}],"about":[{"href":"https:\/\/www.petra-maria-burger.com\/wpn\/wp-json\/wp\/v2\/types\/page"}],"author":[{"embeddable":true,"href":"https:\/\/www.petra-maria-burger.com\/wpn\/wp-json\/wp\/v2\/users\/1"}],"replies":[{"embeddable":true,"href":"https:\/\/www.petra-maria-burger.com\/wpn\/wp-json\/wp\/v2\/comments?post=9"}],"version-history":[{"count":114,"href":"https:\/\/www.petra-maria-burger.com\/wpn\/wp-json\/wp\/v2\/pages\/9\/revisions"}],"predecessor-version":[{"id":1982,"href":"https:\/\/www.petra-maria-burger.com\/wpn\/wp-json\/wp\/v2\/pages\/9\/revisions\/1982"}],"wp:attachment":[{"href":"https:\/\/www.petra-maria-burger.com\/wpn\/wp-json\/wp\/v2\/media?parent=9"}],"curies":[{"name":"wp","href":"https:\/\/api.w.org\/{rel}","templated":true}]}}